{"id":798,"date":"2020-04-22T15:27:02","date_gmt":"2020-04-22T15:27:02","guid":{"rendered":"https:\/\/www.oceal-interim.com\/?page_id=798"},"modified":"2020-04-22T15:38:26","modified_gmt":"2020-04-22T15:38:26","slug":"politique-de-confidentialite","status":"publish","type":"page","link":"https:\/\/www.oceal-interim.com\/fr\/politique-de-confidentialite\/","title":{"rendered":"Politique de confidentialit\u00e9"},"content":{"rendered":"\t\t<div data-elementor-type=\"wp-page\" data-elementor-id=\"798\" data-post-id=\"798\" data-obj-id=\"798\" class=\"elementor elementor-798 dce-elementor-post-798\" data-elementor-post-type=\"page\">\n\t\t\t\t\t\t<section class=\"elementor-section elementor-top-section elementor-element elementor-element-3bf3c32 elementor-section-boxed elementor-section-height-default elementor-section-height-default\" data-id=\"3bf3c32\" data-element_type=\"section\">\n\t\t\t\t\t\t<div class=\"elementor-container elementor-column-gap-default\">\n\t\t\t\t\t<div class=\"elementor-column elementor-col-100 elementor-top-column elementor-element elementor-element-bc9b944\" data-id=\"bc9b944\" data-element_type=\"column\">\n\t\t\t<div class=\"elementor-widget-wrap elementor-element-populated\">\n\t\t\t\t\t\t<div class=\"elementor-element elementor-element-ef5814d elementor-widget elementor-widget-heading\" data-id=\"ef5814d\" data-element_type=\"widget\" data-widget_type=\"heading.default\">\n\t\t\t\t<div class=\"elementor-widget-container\">\n\t\t\t<h2 class=\"elementor-heading-title elementor-size-default\">Politique de confidentialit\u00e9<\/h2>\t\t<\/div>\n\t\t\t\t<\/div>\n\t\t\t\t<div class=\"elementor-element elementor-element-be42cfd elementor-invisible elementor-widget elementor-widget-text-editor\" data-id=\"be42cfd\" data-element_type=\"widget\" data-settings=\"{&quot;_animation&quot;:&quot;fadeIn&quot;,&quot;_animation_delay&quot;:300}\" data-widget_type=\"text-editor.default\">\n\t\t\t\t<div class=\"elementor-widget-container\">\n\t\t\t\t\t\t\t<p><strong>G\u00e9n\u00e9ral<\/strong><\/p>\n<p>La r\u00e9glementation en mati\u00e8re de protection des donn\u00e9es est une priorit\u00e9 pour OCEAL Interim. C\u2019est pour cette raison, que nous souhaitons faire en sorte que toutes les informations en relation avec le traitement de vos donn\u00e9es personnelles sur le Site www.oceal-interim.lu soient claires et compr\u00e9hensives pour l&rsquo;utilisateur.<\/p>\n<p>Cette r\u00e9glementation sur la protection de donn\u00e9es a comme objectif de vous informer sur l\u2019usage des donn\u00e9es personnelles collect\u00e9es via ce site internet, ainsi que sur vos droits et de la fa\u00e7on dont vous pouvez les exercer. Le traitement des donn\u00e9es est crucial pour exercer notre m\u00e9tier et pour servir en toute confiance notre client\u00e8le \u00e0 long terme, il est donc essentiel pour OCEAL Interim qu\u2019il soit r\u00e9alis\u00e9 en toute s\u00e9curit\u00e9, en respectant la confidentialit\u00e9 et en toute conformit\u00e9 avec votre volont\u00e9.<\/p>\n<p>Avant de confirmer la transmission de vos donn\u00e9es personnelles via nos rubriques de contact, vous vous engagez \u00e0 lire et accepter notre politique de confidentialit\u00e9. Cette acceptation permet \u00e0 OCEAL Interim de traiter votre demande gr\u00e2ce aux donn\u00e9es transmises \u00e0 cet effet pour une dur\u00e9e se limitant \u00e0 l\u2019objet de votre demande (demande d\u2019informations, devis, etc)<\/p>\n<p><strong><br>Engagements<\/strong><\/p>\n<p>OCEAL Interim s\u2019engage \u00e0 respecter la l\u00e9gislation luxembourgeoise, notamment la loi du 2 ao\u00fbt 2002 relative \u00e0 la protection des personnes \u00e0 l\u2019\u00e9gard du traitement des donn\u00e9es \u00e0 caract\u00e8re personnel.<\/p>\n<p>OCEAL Interim s\u2019engage \u00e0 respecter le R\u00e8glement (UE) 2016\/679 du Parlement europ\u00e9en et du Conseil du 27 avril 2016, d\u00e8s son entr\u00e9e en vigueur le 25 mai 2018.<\/p>\n<p>OCEAL Interim s&rsquo;engage \u00e0 n\u2019utiliser les donn\u00e9es personnelles re\u00e7ues qu\u2019en conformit\u00e9 avec l\u2019objet propre d\u00e9fini lors de la transmission.<\/p>\n<p>OCEAL Interim est \u00e0 votre \u00e9coute en cas de question relative \u00e0 cette r\u00e9glementation des protections des donn\u00e9es via : info@oceal.com<\/p>\n<p><strong>Vos donn\u00e9es<\/strong><\/p>\n<p>OCEAL Interim est responsable pour la collecte des donn\u00e9es personnelles de ses utilisateurs via son Site internet.<\/p>\n<p>Le site www.oceal-interim.lu appartient \u00e0 OCEAL Interim domicili\u00e9 au :&nbsp;<span style=\"font-size: 1em;\">1, rue Auguste Liesch, L &#8211; 3474 Dudelange<\/span><span style=\"font-size: 1em;\">, titulaire de l\u2019autorisation d\u2019\u00e9tablissement suivante : N\u00b0<\/span><\/p>\n<p>Les donn\u00e9es collect\u00e9es sont&nbsp;: nom, pr\u00e9nom, adresse \u00e9lectrique, num\u00e9ro de t\u00e9l\u00e9phone, CV en pi\u00e8ce jointe.<\/p>\n<p><strong>Collecte<\/strong><\/p>\n<p>Vos donn\u00e9es sont collect\u00e9es par le biais de formulaire(s) de contact. Les donn\u00e9es sont stock\u00e9es pour une p\u00e9riode maximum de 1 an apr\u00e8s toute absence d\u2019interactivit\u00e9.<\/p>\n<p><strong>Raison de traitement des donn\u00e9es<\/strong><\/p>\n<p>Les donn\u00e9es personnelles envoy\u00e9 de la part de l\u2019utilisateur sont destin\u00e9es \u00e0 traiter votre demande (demande de contact, candidature \u00e0 une offre d&#8217;emploi, demande de RDV).<\/p>\n<p>Lorsque vous acceptez de transmettre vos donn\u00e9es personnelles \u00e0 OCEAL Interim, vous acceptez \u00e9galement que OCEAL Interim puisse utiliser ces donn\u00e9es dans la limite des finalit\u00e9s d\u00e9taill\u00e9es dans cette r\u00e9glementation.<\/p>\n<p><strong>Responsable du traitement des donn\u00e9es personnelles<\/strong><\/p>\n<p>Le responsable du traitement des donn\u00e9es personnelles est Astrid SEMIGLAZOFF. Vous pouvez joindre le responsable du traitement par mail&nbsp;: <a href=\"mailto:sandra.birtel@bllconsulting.com\">info@oceal.com<\/a><br>Le responsable du traitement s\u2019engage \u00e0 prot\u00e9ger les donn\u00e9es et ne pas les transmettre \u00e0 des tiers sans que vous en ayez \u00e9t\u00e9 inform\u00e9.<\/p>\n<p><strong>Prestataires<\/strong><\/p>\n<p>OCEAL Interim est amen\u00e9 \u00e0 communiquer vos donn\u00e9es aux prestataires suivants&nbsp;:<br>&#8211; Domino Communication&nbsp;: webmaster \/ \u00e9diteur de nos newsletter<\/p>\n<p>Ces prestataires assurent la diffusion de nos newsletters. <br>Ces donn\u00e9es ne sont pas r\u00e9utilis\u00e9es \u00e0 des fins commerciales par Domino Communication.<\/p>\n<p><strong>Droit d\u2019opposition, d\u2019acc\u00e8s, de rectification et de suppression<\/strong><\/p>\n<p>Vous pouvez prendre connaissance, mettre \u00e0 jour, modifier ou demander la suppression des renseignements vous concernant en contactant le Responsable du traitement.<br>Par ailleurs, vous avez la possibilit\u00e9 de vous d\u00e9sinscrire \u00e0 tout moment de nos listes de diffusion via le lien situ\u00e9 en bas de nos newsletters.<\/p>\n<p><strong>Cookies<br><\/strong><br>Le Site www.oceal-interim.lu utilise des \u201ccookies\u201d pour collecter et enregistrer certaines informations des utilisateurs.<\/p>\n<p>Ces fichiers nous permettent de traiter des statistiques et des informations sur le trafic, de faciliter la navigation et d\u2019am\u00e9liorer le service pour votre confort. <br>Les cookies nous permettent, par exemple, de personnaliser les pages d\u2019accueil en sauvegardant les pr\u00e9f\u00e9rences que vous pouvez \u00e9mettre lors d\u2019une pr\u00e9c\u00e9dente visite de notre Site. Ils peuvent s\u00e9curiser votre mot de passe, identifier les rubriques du Site que vous avez visit\u00e9es ou encore suivre l\u2019\u00e9volution de vos pr\u00e9f\u00e9rences. Nos cookies peuvent \u00e9ventuellement collecter un nom de domaine et suivre votre cheminement \u00e0 travers nos pages web.<\/p>\n<p>Ces fichiers contiennent principalement les informations suivantes&nbsp;: adresse IP, syst\u00e8me d\u2019exploitation, requ\u00eates, pages visit\u00e9es, heures et jour de connexion, langue.<\/p>\n<p>Nous utilisons les cookies dans les buts suivants&nbsp;: am\u00e9lioration du service, cr\u00e9ation de profils personnalis\u00e9s de consommation, \u00e9tudes statistiques.<\/p>\n<p>En naviguant sur le site, des cookies de tiers peuvent \u00eatre enregistr\u00e9s. Il s\u2019agit principalement des tiers suivants&nbsp;: Google.<\/p>\n<p>Les cookies utilis\u00e9s ne peuvent pas extraire de votre disque dur des informations personnelles permettant de vous identifier autrement que sous forme de cookies, ni transmettre de virus informatique<em>.<\/em><\/p>\n<p>Nous utilisons les cookies seulement pour recueillir les informations mentionn\u00e9es dans cette Charte et, en aucune fa\u00e7on, des informations \u00e0 caract\u00e8re personnel ou nominatives permettant de vous identifier sans votre consentement.<\/p>\n<p>Vous avez la possibilit\u00e9 d\u2019intervenir au niveau des cookies. En modifiant la configuration de votre navigateur (g\u00e9n\u00e9ralement au sein du menu \u00ab outils \u00bb, rubrique \u00ab priv\u00e9e \u00bb ou terme \u00e9quivalent), vous pouvez : accepter l\u2019ensemble des cookies, \u00eatre averti lors de l\u2019activation d\u2019un cookie, ou rejeter l\u2019ensemble des cookies. Toutefois, il est probable alors que vous rencontriez des difficult\u00e9s pour naviguer sur le Site dans les meilleures conditions.<\/p>\n<p><\/p>\t\t\t\t\t\t<\/div>\n\t\t\t\t<\/div>\n\t\t\t\t\t<\/div>\n\t\t<\/div>\n\t\t\t\t\t<\/div>\n\t\t<\/section>\n\t\t\t\t<\/div>\n\t\t","protected":false},"excerpt":{"rendered":"<p>G\u00e9n\u00e9ral La r\u00e9glementation en mati\u00e8re de protection des donn\u00e9es est une priorit\u00e9 pour OCEAL Interim. C\u2019est pour cette raison, que nous souhaitons faire en sorte que toutes les informations en relation avec le traitement de vos donn\u00e9es personnelles sur le Site www.oceal-interim.lu soient claires et compr\u00e9hensives pour l&rsquo;utilisateur. Cette r\u00e9glementation sur la protection de donn\u00e9es [&hellip;]<\/p>\n","protected":false},"author":1,"featured_media":0,"parent":0,"menu_order":0,"comment_status":"closed","ping_status":"closed","template":"elementor_header_footer","meta":{"_acf_changed":false,"site-sidebar-layout":"default","site-content-layout":"","ast-site-content-layout":"","site-content-style":"default","site-sidebar-style":"default","ast-global-header-display":"","ast-banner-title-visibility":"","ast-main-header-display":"","ast-hfb-above-header-display":"","ast-hfb-below-header-display":"","ast-hfb-mobile-header-display":"","site-post-title":"","ast-breadcrumbs-content":"","ast-featured-img":"","footer-sml-layout":"","theme-transparent-header-meta":"","adv-header-id-meta":"","stick-header-meta":"","header-above-stick-meta":"","header-main-stick-meta":"","header-below-stick-meta":"","astra-migrate-meta-layouts":"default","ast-page-background-enabled":"default","ast-page-background-meta":{"desktop":{"background-color":"var(--ast-global-color-4)","background-image":"","background-repeat":"repeat","background-position":"center center","background-size":"auto","background-attachment":"scroll","background-type":"","background-media":"","overlay-type":"","overlay-color":"","overlay-opacity":"","overlay-gradient":""},"tablet":{"background-color":"","background-image":"","background-repeat":"repeat","background-position":"center center","background-size":"auto","background-attachment":"scroll","background-type":"","background-media":"","overlay-type":"","overlay-color":"","overlay-opacity":"","overlay-gradient":""},"mobile":{"background-color":"","background-image":"","background-repeat":"repeat","background-position":"center center","background-size":"auto","background-attachment":"scroll","background-type":"","background-media":"","overlay-type":"","overlay-color":"","overlay-opacity":"","overlay-gradient":""}},"ast-content-background-meta":{"desktop":{"background-color":"var(--ast-global-color-5)","background-image":"","background-repeat":"repeat","background-position":"center center","background-size":"auto","background-attachment":"scroll","background-type":"","background-media":"","overlay-type":"","overlay-color":"","overlay-opacity":"","overlay-gradient":""},"tablet":{"background-color":"var(--ast-global-color-5)","background-image":"","background-repeat":"repeat","background-position":"center center","background-size":"auto","background-attachment":"scroll","background-type":"","background-media":"","overlay-type":"","overlay-color":"","overlay-opacity":"","overlay-gradient":""},"mobile":{"background-color":"var(--ast-global-color-5)","background-image":"","background-repeat":"repeat","background-position":"center center","background-size":"auto","background-attachment":"scroll","background-type":"","background-media":"","overlay-type":"","overlay-color":"","overlay-opacity":"","overlay-gradient":""}},"footnotes":""},"class_list":["post-798","page","type-page","status-publish","hentry"],"acf":[],"yoast_head":"<!-- This site is optimized with the Yoast SEO plugin v25.1 - https:\/\/yoast.com\/wordpress\/plugins\/seo\/ -->\n<title>Politique de confidentialit\u00e9 - OCEAL Interim<\/title>\n<meta name=\"robots\" content=\"index, follow, max-snippet:-1, max-image-preview:large, max-video-preview:-1\" \/>\n<link rel=\"canonical\" href=\"https:\/\/www.oceal-interim.com\/fr\/politique-de-confidentialite\/\" \/>\n<meta property=\"og:locale\" content=\"fr_FR\" \/>\n<meta property=\"og:type\" content=\"article\" \/>\n<meta property=\"og:title\" content=\"Politique de confidentialit\u00e9 - OCEAL Interim\" \/>\n<meta property=\"og:description\" content=\"G\u00e9n\u00e9ral La r\u00e9glementation en mati\u00e8re de protection des donn\u00e9es est une priorit\u00e9 pour OCEAL Interim. C\u2019est pour cette raison, que nous souhaitons faire en sorte que toutes les informations en relation avec le traitement de vos donn\u00e9es personnelles sur le Site www.oceal-interim.lu soient claires et compr\u00e9hensives pour l&rsquo;utilisateur. Cette r\u00e9glementation sur la protection de donn\u00e9es [&hellip;]\" \/>\n<meta property=\"og:url\" content=\"https:\/\/www.oceal-interim.com\/fr\/politique-de-confidentialite\/\" \/>\n<meta property=\"og:site_name\" content=\"OCEAL Interim\" \/>\n<meta property=\"article:modified_time\" content=\"2020-04-22T15:38:26+00:00\" \/>\n<meta property=\"og:image\" content=\"https:\/\/www.oceal-interim.com\/wp-content\/uploads\/2020\/05\/oceal-interim-miniature-reseaux.jpg\" \/>\n\t<meta property=\"og:image:width\" content=\"1200\" \/>\n\t<meta property=\"og:image:height\" content=\"630\" \/>\n\t<meta property=\"og:image:type\" content=\"image\/jpeg\" \/>\n<meta name=\"twitter:card\" content=\"summary_large_image\" \/>\n<meta name=\"twitter:label1\" content=\"Dur\u00e9e de lecture estim\u00e9e\" \/>\n\t<meta name=\"twitter:data1\" content=\"5 minutes\" \/>\n<script type=\"application\/ld+json\" class=\"yoast-schema-graph\">{\"@context\":\"https:\/\/schema.org\",\"@graph\":[{\"@type\":\"WebPage\",\"@id\":\"https:\/\/www.oceal-interim.com\/fr\/politique-de-confidentialite\/\",\"url\":\"https:\/\/www.oceal-interim.com\/fr\/politique-de-confidentialite\/\",\"name\":\"Politique de confidentialit\u00e9 - OCEAL Interim\",\"isPartOf\":{\"@id\":\"https:\/\/www.oceal-interim.com\/fr\/#website\"},\"datePublished\":\"2020-04-22T15:27:02+00:00\",\"dateModified\":\"2020-04-22T15:38:26+00:00\",\"breadcrumb\":{\"@id\":\"https:\/\/www.oceal-interim.com\/fr\/politique-de-confidentialite\/#breadcrumb\"},\"inLanguage\":\"fr-FR\",\"potentialAction\":[{\"@type\":\"ReadAction\",\"target\":[\"https:\/\/www.oceal-interim.com\/fr\/politique-de-confidentialite\/\"]}]},{\"@type\":\"BreadcrumbList\",\"@id\":\"https:\/\/www.oceal-interim.com\/fr\/politique-de-confidentialite\/#breadcrumb\",\"itemListElement\":[{\"@type\":\"ListItem\",\"position\":1,\"name\":\"Home\",\"item\":\"https:\/\/www.oceal-interim.com\/fr\/\"},{\"@type\":\"ListItem\",\"position\":2,\"name\":\"Politique de confidentialit\u00e9\"}]},{\"@type\":\"WebSite\",\"@id\":\"https:\/\/www.oceal-interim.com\/fr\/#website\",\"url\":\"https:\/\/www.oceal-interim.com\/fr\/\",\"name\":\"OCEAL Interim\",\"description\":\"Agence d&#039;int\u00e9rim au Luxembourg\",\"potentialAction\":[{\"@type\":\"SearchAction\",\"target\":{\"@type\":\"EntryPoint\",\"urlTemplate\":\"https:\/\/www.oceal-interim.com\/fr\/?s={search_term_string}\"},\"query-input\":{\"@type\":\"PropertyValueSpecification\",\"valueRequired\":true,\"valueName\":\"search_term_string\"}}],\"inLanguage\":\"fr-FR\"}]}<\/script>\n<!-- \/ Yoast SEO plugin. -->","yoast_head_json":{"title":"Politique de confidentialit\u00e9 - OCEAL Interim","robots":{"index":"index","follow":"follow","max-snippet":"max-snippet:-1","max-image-preview":"max-image-preview:large","max-video-preview":"max-video-preview:-1"},"canonical":"https:\/\/www.oceal-interim.com\/fr\/politique-de-confidentialite\/","og_locale":"fr_FR","og_type":"article","og_title":"Politique de confidentialit\u00e9 - OCEAL Interim","og_description":"G\u00e9n\u00e9ral La r\u00e9glementation en mati\u00e8re de protection des donn\u00e9es est une priorit\u00e9 pour OCEAL Interim. C\u2019est pour cette raison, que nous souhaitons faire en sorte que toutes les informations en relation avec le traitement de vos donn\u00e9es personnelles sur le Site www.oceal-interim.lu soient claires et compr\u00e9hensives pour l&rsquo;utilisateur. Cette r\u00e9glementation sur la protection de donn\u00e9es [&hellip;]","og_url":"https:\/\/www.oceal-interim.com\/fr\/politique-de-confidentialite\/","og_site_name":"OCEAL Interim","article_modified_time":"2020-04-22T15:38:26+00:00","og_image":[{"width":1200,"height":630,"url":"https:\/\/www.oceal-interim.com\/wp-content\/uploads\/2020\/05\/oceal-interim-miniature-reseaux.jpg","type":"image\/jpeg"}],"twitter_card":"summary_large_image","twitter_misc":{"Dur\u00e9e de lecture estim\u00e9e":"5 minutes"},"schema":{"@context":"https:\/\/schema.org","@graph":[{"@type":"WebPage","@id":"https:\/\/www.oceal-interim.com\/fr\/politique-de-confidentialite\/","url":"https:\/\/www.oceal-interim.com\/fr\/politique-de-confidentialite\/","name":"Politique de confidentialit\u00e9 - OCEAL Interim","isPartOf":{"@id":"https:\/\/www.oceal-interim.com\/fr\/#website"},"datePublished":"2020-04-22T15:27:02+00:00","dateModified":"2020-04-22T15:38:26+00:00","breadcrumb":{"@id":"https:\/\/www.oceal-interim.com\/fr\/politique-de-confidentialite\/#breadcrumb"},"inLanguage":"fr-FR","potentialAction":[{"@type":"ReadAction","target":["https:\/\/www.oceal-interim.com\/fr\/politique-de-confidentialite\/"]}]},{"@type":"BreadcrumbList","@id":"https:\/\/www.oceal-interim.com\/fr\/politique-de-confidentialite\/#breadcrumb","itemListElement":[{"@type":"ListItem","position":1,"name":"Home","item":"https:\/\/www.oceal-interim.com\/fr\/"},{"@type":"ListItem","position":2,"name":"Politique de confidentialit\u00e9"}]},{"@type":"WebSite","@id":"https:\/\/www.oceal-interim.com\/fr\/#website","url":"https:\/\/www.oceal-interim.com\/fr\/","name":"OCEAL Interim","description":"Agence d&#039;int\u00e9rim au Luxembourg","potentialAction":[{"@type":"SearchAction","target":{"@type":"EntryPoint","urlTemplate":"https:\/\/www.oceal-interim.com\/fr\/?s={search_term_string}"},"query-input":{"@type":"PropertyValueSpecification","valueRequired":true,"valueName":"search_term_string"}}],"inLanguage":"fr-FR"}]}},"_links":{"self":[{"href":"https:\/\/www.oceal-interim.com\/fr\/wp-json\/wp\/v2\/pages\/798"}],"collection":[{"href":"https:\/\/www.oceal-interim.com\/fr\/wp-json\/wp\/v2\/pages"}],"about":[{"href":"https:\/\/www.oceal-interim.com\/fr\/wp-json\/wp\/v2\/types\/page"}],"author":[{"embeddable":true,"href":"https:\/\/www.oceal-interim.com\/fr\/wp-json\/wp\/v2\/users\/1"}],"replies":[{"embeddable":true,"href":"https:\/\/www.oceal-interim.com\/fr\/wp-json\/wp\/v2\/comments?post=798"}],"version-history":[{"count":4,"href":"https:\/\/www.oceal-interim.com\/fr\/wp-json\/wp\/v2\/pages\/798\/revisions"}],"predecessor-version":[{"id":803,"href":"https:\/\/www.oceal-interim.com\/fr\/wp-json\/wp\/v2\/pages\/798\/revisions\/803"}],"wp:attachment":[{"href":"https:\/\/www.oceal-interim.com\/fr\/wp-json\/wp\/v2\/media?parent=798"}],"curies":[{"name":"wp","href":"https:\/\/api.w.org\/{rel}","templated":true}]}}