{"id":1167,"date":"2020-05-11T15:48:11","date_gmt":"2020-05-11T15:48:11","guid":{"rendered":"https:\/\/www.oceal-interim.com\/?page_id=1167"},"modified":"2020-05-13T14:51:20","modified_gmt":"2020-05-13T14:51:20","slug":"candidats","status":"publish","type":"page","link":"https:\/\/www.oceal-interim.com\/fr\/candidats\/","title":{"rendered":"Candidats"},"content":{"rendered":"\t\t<div data-elementor-type=\"wp-page\" data-elementor-id=\"1167\" data-post-id=\"1167\" data-obj-id=\"1167\" class=\"elementor elementor-1167 dce-elementor-post-1167\" data-elementor-post-type=\"page\">\n\t\t\t\t\t\t<section class=\"elementor-section elementor-top-section elementor-element elementor-element-9f57b2e elementor-section-height-min-height title-header elementor-section-boxed elementor-section-height-default elementor-section-items-middle\" data-id=\"9f57b2e\" data-element_type=\"section\" data-settings=\"{&quot;background_background&quot;:&quot;classic&quot;}\">\n\t\t\t\t\t\t\t<div class=\"elementor-background-overlay\"><\/div>\n\t\t\t\t\t\t\t<div class=\"elementor-container elementor-column-gap-default\">\n\t\t\t\t\t<div class=\"elementor-column elementor-col-100 elementor-top-column elementor-element elementor-element-087c235\" data-id=\"087c235\" data-element_type=\"column\">\n\t\t\t<div class=\"elementor-widget-wrap elementor-element-populated\">\n\t\t\t\t\t\t<div class=\"elementor-element elementor-element-035b850 elementor-widget elementor-widget-heading\" data-id=\"035b850\" data-element_type=\"widget\" data-widget_type=\"heading.default\">\n\t\t\t\t<div class=\"elementor-widget-container\">\n\t\t\t<h2 class=\"elementor-heading-title elementor-size-default\">Candidats<\/h2>\t\t<\/div>\n\t\t\t\t<\/div>\n\t\t\t\t\t<\/div>\n\t\t<\/div>\n\t\t\t\t\t<\/div>\n\t\t<\/section>\n\t\t\t\t<section class=\"elementor-section elementor-top-section elementor-element elementor-element-f213642 elementor-section-boxed elementor-section-height-default elementor-section-height-default\" data-id=\"f213642\" data-element_type=\"section\" data-settings=\"{&quot;background_background&quot;:&quot;classic&quot;}\">\n\t\t\t\t\t\t<div class=\"elementor-container elementor-column-gap-default\">\n\t\t\t\t\t<div class=\"elementor-column elementor-col-100 elementor-top-column elementor-element elementor-element-2d284d8\" data-id=\"2d284d8\" data-element_type=\"column\" data-settings=\"{&quot;background_background&quot;:&quot;classic&quot;}\">\n\t\t\t<div class=\"elementor-widget-wrap elementor-element-populated\">\n\t\t\t\t\t\t<section class=\"elementor-section elementor-inner-section elementor-element elementor-element-0127ee1 elementor-section-boxed elementor-section-height-default elementor-section-height-default elementor-invisible\" data-id=\"0127ee1\" data-element_type=\"section\" data-settings=\"{&quot;background_background&quot;:&quot;classic&quot;,&quot;animation&quot;:&quot;fadeInLeft&quot;}\">\n\t\t\t\t\t\t<div class=\"elementor-container elementor-column-gap-default\">\n\t\t\t\t\t<div class=\"elementor-column elementor-col-100 elementor-inner-column elementor-element elementor-element-97d7c9e\" data-id=\"97d7c9e\" data-element_type=\"column\" data-settings=\"{&quot;background_background&quot;:&quot;classic&quot;}\">\n\t\t\t<div class=\"elementor-widget-wrap elementor-element-populated\">\n\t\t\t\t\t\t<div class=\"elementor-element elementor-element-95ba164 elementor-widget elementor-widget-heading\" data-id=\"95ba164\" data-element_type=\"widget\" data-widget_type=\"heading.default\">\n\t\t\t\t<div class=\"elementor-widget-container\">\n\t\t\t<h1 class=\"elementor-heading-title elementor-size-default\">Nous avons le job qu'il vous faut<\/h1>\t\t<\/div>\n\t\t\t\t<\/div>\n\t\t\t\t<div class=\"elementor-element elementor-element-0c32e16 elementor-widget elementor-widget-text-editor\" data-id=\"0c32e16\" data-element_type=\"widget\" data-widget_type=\"text-editor.default\">\n\t\t\t\t<div class=\"elementor-widget-container\">\n\t\t\t\t\t\t\t<p>Vous \u00eates actuellement \u00e0 la recherche d&rsquo;un emploi ?\u00a0N&rsquo;h\u00e9sitez pas \u00e0 consulter nos offres. Vous pouvez \u00e9galement nous envoyer une candidature spontan\u00e9e avec votre profil.<\/p>\t\t\t\t\t\t<\/div>\n\t\t\t\t<\/div>\n\t\t\t\t\t<\/div>\n\t\t<\/div>\n\t\t\t\t\t<\/div>\n\t\t<\/section>\n\t\t\t\t\t<\/div>\n\t\t<\/div>\n\t\t\t\t\t<\/div>\n\t\t<\/section>\n\t\t\t\t<section class=\"elementor-section elementor-top-section elementor-element elementor-element-e191ad4 elementor-section-boxed elementor-section-height-default elementor-section-height-default\" data-id=\"e191ad4\" data-element_type=\"section\" data-settings=\"{&quot;background_background&quot;:&quot;classic&quot;}\">\n\t\t\t\t\t\t<div class=\"elementor-container elementor-column-gap-default\">\n\t\t\t\t\t<div class=\"elementor-column elementor-col-100 elementor-top-column elementor-element elementor-element-b8efc67\" data-id=\"b8efc67\" data-element_type=\"column\" data-settings=\"{&quot;background_background&quot;:&quot;classic&quot;}\">\n\t\t\t<div class=\"elementor-widget-wrap elementor-element-populated\">\n\t\t\t\t\t\t<section class=\"elementor-section elementor-inner-section elementor-element elementor-element-a1cddbf elementor-section-boxed elementor-section-height-default elementor-section-height-default\" data-id=\"a1cddbf\" data-element_type=\"section\">\n\t\t\t\t\t\t<div class=\"elementor-container elementor-column-gap-default\">\n\t\t\t\t\t<div class=\"elementor-column elementor-col-33 elementor-inner-column elementor-element elementor-element-a64042f\" data-id=\"a64042f\" data-element_type=\"column\" data-settings=\"{&quot;background_background&quot;:&quot;classic&quot;}\">\n\t\t\t<div class=\"elementor-widget-wrap elementor-element-populated\">\n\t\t\t\t\t\t<div class=\"elementor-element elementor-element-8db3164 elementor-cta--valign-bottom elementor-cta--skin-classic elementor-animated-content elementor-bg-transform elementor-bg-transform-zoom-in elementor-widget elementor-widget-call-to-action\" data-id=\"8db3164\" data-element_type=\"widget\" data-widget_type=\"call-to-action.default\">\n\t\t\t\t<div class=\"elementor-widget-container\">\n\t\t\t\t\t<div class=\"elementor-cta\">\n\t\t\t\t\t<div class=\"elementor-cta__bg-wrapper\">\n\t\t\t\t<div class=\"elementor-cta__bg elementor-bg\" style=\"background-image: url(https:\/\/www.oceal-interim.com\/wp-content\/uploads\/2020\/04\/offres-emploi-oceal-interim-luxembourg-1024x516.jpg);\" role=\"img\" aria-label=\"offres-emploi-oceal-interim-luxembourg\"><\/div>\n\t\t\t\t<div class=\"elementor-cta__bg-overlay\"><\/div>\n\t\t\t<\/div>\n\t\t\t\t\t\t\t<div class=\"elementor-cta__content\">\n\t\t\t\t\n\t\t\t\t\t\t\t\t\t<h2 class=\"elementor-cta__title elementor-cta__content-item elementor-content-item\">\n\t\t\t\t\t\tNos offres d'emploi\t\t\t\t\t<\/h2>\n\t\t\t\t\n\t\t\t\t\n\t\t\t\t\t\t\t\t\t<div class=\"elementor-cta__button-wrapper elementor-cta__content-item elementor-content-item \">\n\t\t\t\t\t<a class=\"elementor-cta__button elementor-button elementor-size-\" href=\"https:\/\/www.oceal-interim.com\/fr\/offres-emploi\/\">\n\t\t\t\t\t\tVoir les offres\t\t\t\t\t<\/a>\n\t\t\t\t\t<\/div>\n\t\t\t\t\t\t\t<\/div>\n\t\t\t\t\t\t<\/div>\n\t\t\t\t<\/div>\n\t\t\t\t<\/div>\n\t\t\t\t\t<\/div>\n\t\t<\/div>\n\t\t\t\t<div class=\"elementor-column elementor-col-33 elementor-inner-column elementor-element elementor-element-dbb42f3\" data-id=\"dbb42f3\" data-element_type=\"column\" data-settings=\"{&quot;background_background&quot;:&quot;classic&quot;}\">\n\t\t\t<div class=\"elementor-widget-wrap elementor-element-populated\">\n\t\t\t\t\t\t<div class=\"elementor-element elementor-element-2928738 elementor-cta--valign-bottom elementor-cta--skin-classic elementor-animated-content elementor-bg-transform elementor-bg-transform-zoom-in elementor-widget elementor-widget-call-to-action\" data-id=\"2928738\" data-element_type=\"widget\" data-widget_type=\"call-to-action.default\">\n\t\t\t\t<div class=\"elementor-widget-container\">\n\t\t\t\t\t<div class=\"elementor-cta\">\n\t\t\t\t\t<div class=\"elementor-cta__bg-wrapper\">\n\t\t\t\t<div class=\"elementor-cta__bg elementor-bg\" style=\"background-image: url(https:\/\/www.oceal-interim.com\/wp-content\/uploads\/2020\/04\/recrutement-oceal-interim-1024x620.jpg);\" role=\"img\" aria-label=\"recrutement-oceal-interim\"><\/div>\n\t\t\t\t<div class=\"elementor-cta__bg-overlay\"><\/div>\n\t\t\t<\/div>\n\t\t\t\t\t\t\t<div class=\"elementor-cta__content\">\n\t\t\t\t\n\t\t\t\t\t\t\t\t\t<h2 class=\"elementor-cta__title elementor-cta__content-item elementor-content-item\">\n\t\t\t\t\t\tCandidature spontan\u00e9e\t\t\t\t\t<\/h2>\n\t\t\t\t\n\t\t\t\t\n\t\t\t\t\t\t\t\t\t<div class=\"elementor-cta__button-wrapper elementor-cta__content-item elementor-content-item \">\n\t\t\t\t\t<a class=\"elementor-cta__button elementor-button elementor-size-\" href=\"https:\/\/www.oceal-interim.com\/fr\/candidature-spontanee\/\">\n\t\t\t\t\t\tD\u00e9poser mon profil\t\t\t\t\t<\/a>\n\t\t\t\t\t<\/div>\n\t\t\t\t\t\t\t<\/div>\n\t\t\t\t\t\t<\/div>\n\t\t\t\t<\/div>\n\t\t\t\t<\/div>\n\t\t\t\t\t<\/div>\n\t\t<\/div>\n\t\t\t\t<div class=\"elementor-column elementor-col-33 elementor-inner-column elementor-element elementor-element-d3f2273\" data-id=\"d3f2273\" data-element_type=\"column\" data-settings=\"{&quot;background_background&quot;:&quot;classic&quot;}\">\n\t\t\t<div class=\"elementor-widget-wrap elementor-element-populated\">\n\t\t\t\t\t\t<div class=\"elementor-element elementor-element-782e4ae elementor-cta--valign-bottom elementor-cta--skin-classic elementor-animated-content elementor-bg-transform elementor-bg-transform-zoom-in elementor-widget elementor-widget-call-to-action\" data-id=\"782e4ae\" data-element_type=\"widget\" data-widget_type=\"call-to-action.default\">\n\t\t\t\t<div class=\"elementor-widget-container\">\n\t\t\t\t\t<div class=\"elementor-cta\">\n\t\t\t\t\t<div class=\"elementor-cta__bg-wrapper\">\n\t\t\t\t<div class=\"elementor-cta__bg elementor-bg\" style=\"background-image: url(https:\/\/www.oceal-interim.com\/wp-content\/uploads\/2020\/05\/oceal-FAQ-1024x683.jpg);\" role=\"img\" aria-label=\"oceal-FAQ\"><\/div>\n\t\t\t\t<div class=\"elementor-cta__bg-overlay\"><\/div>\n\t\t\t<\/div>\n\t\t\t\t\t\t\t<div class=\"elementor-cta__content\">\n\t\t\t\t\n\t\t\t\t\t\t\t\t\t<h2 class=\"elementor-cta__title elementor-cta__content-item elementor-content-item\">\n\t\t\t\t\t\tQuestions fr\u00e9quentes\t\t\t\t\t<\/h2>\n\t\t\t\t\n\t\t\t\t\n\t\t\t\t\t\t\t\t\t<div class=\"elementor-cta__button-wrapper elementor-cta__content-item elementor-content-item \">\n\t\t\t\t\t<a class=\"elementor-cta__button elementor-button elementor-size-\" href=\"https:\/\/www.oceal-interim.com\/fr\/questions-frequentes\/\">\n\t\t\t\t\t\tPlus d'infos\t\t\t\t\t<\/a>\n\t\t\t\t\t<\/div>\n\t\t\t\t\t\t\t<\/div>\n\t\t\t\t\t\t<\/div>\n\t\t\t\t<\/div>\n\t\t\t\t<\/div>\n\t\t\t\t\t<\/div>\n\t\t<\/div>\n\t\t\t\t\t<\/div>\n\t\t<\/section>\n\t\t\t\t\t<\/div>\n\t\t<\/div>\n\t\t\t\t\t<\/div>\n\t\t<\/section>\n\t\t\t\t<\/div>\n\t\t","protected":false},"excerpt":{"rendered":"<p>Nous avons le job qu&rsquo;il vous faut Vous \u00eates actuellement \u00e0 la recherche d&rsquo;un emploi ?\u00a0N&rsquo;h\u00e9sitez pas \u00e0 consulter nos offres. Vous pouvez \u00e9galement nous envoyer une candidature spontan\u00e9e avec votre profil. Nos offres d&#8217;emploi Voir les offres Candidature spontan\u00e9e D\u00e9poser mon profil Questions fr\u00e9quentes Plus d&rsquo;infos<\/p>\n","protected":false},"author":1,"featured_media":0,"parent":0,"menu_order":0,"comment_status":"closed","ping_status":"closed","template":"elementor_header_footer","meta":{"_acf_changed":false,"site-sidebar-layout":"default","site-content-layout":"","ast-site-content-layout":"","site-content-style":"default","site-sidebar-style":"default","ast-global-header-display":"","ast-banner-title-visibility":"","ast-main-header-display":"","ast-hfb-above-header-display":"","ast-hfb-below-header-display":"","ast-hfb-mobile-header-display":"","site-post-title":"","ast-breadcrumbs-content":"","ast-featured-img":"","footer-sml-layout":"","theme-transparent-header-meta":"","adv-header-id-meta":"","stick-header-meta":"","header-above-stick-meta":"","header-main-stick-meta":"","header-below-stick-meta":"","astra-migrate-meta-layouts":"default","ast-page-background-enabled":"default","ast-page-background-meta":{"desktop":{"background-color":"var(--ast-global-color-4)","background-image":"","background-repeat":"repeat","background-position":"center center","background-size":"auto","background-attachment":"scroll","background-type":"","background-media":"","overlay-type":"","overlay-color":"","overlay-opacity":"","overlay-gradient":""},"tablet":{"background-color":"","background-image":"","background-repeat":"repeat","background-position":"center center","background-size":"auto","background-attachment":"scroll","background-type":"","background-media":"","overlay-type":"","overlay-color":"","overlay-opacity":"","overlay-gradient":""},"mobile":{"background-color":"","background-image":"","background-repeat":"repeat","background-position":"center center","background-size":"auto","background-attachment":"scroll","background-type":"","background-media":"","overlay-type":"","overlay-color":"","overlay-opacity":"","overlay-gradient":""}},"ast-content-background-meta":{"desktop":{"background-color":"var(--ast-global-color-5)","background-image":"","background-repeat":"repeat","background-position":"center center","background-size":"auto","background-attachment":"scroll","background-type":"","background-media":"","overlay-type":"","overlay-color":"","overlay-opacity":"","overlay-gradient":""},"tablet":{"background-color":"var(--ast-global-color-5)","background-image":"","background-repeat":"repeat","background-position":"center center","background-size":"auto","background-attachment":"scroll","background-type":"","background-media":"","overlay-type":"","overlay-color":"","overlay-opacity":"","overlay-gradient":""},"mobile":{"background-color":"var(--ast-global-color-5)","background-image":"","background-repeat":"repeat","background-position":"center center","background-size":"auto","background-attachment":"scroll","background-type":"","background-media":"","overlay-type":"","overlay-color":"","overlay-opacity":"","overlay-gradient":""}},"footnotes":""},"class_list":["post-1167","page","type-page","status-publish","hentry"],"acf":[],"yoast_head":"<!-- This site is optimized with the Yoast SEO plugin v25.1 - https:\/\/yoast.com\/wordpress\/plugins\/seo\/ -->\n<title>Candidats - OCEAL Interim<\/title>\n<meta name=\"robots\" content=\"index, follow, max-snippet:-1, max-image-preview:large, max-video-preview:-1\" \/>\n<link rel=\"canonical\" href=\"https:\/\/www.oceal-interim.com\/fr\/candidats\/\" \/>\n<meta property=\"og:locale\" content=\"fr_FR\" \/>\n<meta property=\"og:type\" content=\"article\" \/>\n<meta property=\"og:title\" content=\"Candidats - OCEAL Interim\" \/>\n<meta property=\"og:description\" content=\"Nous avons le job qu&rsquo;il vous faut Vous \u00eates actuellement \u00e0 la recherche d&rsquo;un emploi ?\u00a0N&rsquo;h\u00e9sitez pas \u00e0 consulter nos offres. Vous pouvez \u00e9galement nous envoyer une candidature spontan\u00e9e avec votre profil. Nos offres d&#8217;emploi Voir les offres Candidature spontan\u00e9e D\u00e9poser mon profil Questions fr\u00e9quentes Plus d&rsquo;infos\" \/>\n<meta property=\"og:url\" content=\"https:\/\/www.oceal-interim.com\/fr\/candidats\/\" \/>\n<meta property=\"og:site_name\" content=\"OCEAL Interim\" \/>\n<meta property=\"article:modified_time\" content=\"2020-05-13T14:51:20+00:00\" \/>\n<meta property=\"og:image\" content=\"https:\/\/www.oceal-interim.com\/wp-content\/uploads\/2020\/05\/oceal-interim-miniature-reseaux.jpg\" \/>\n\t<meta property=\"og:image:width\" content=\"1200\" \/>\n\t<meta property=\"og:image:height\" content=\"630\" \/>\n\t<meta property=\"og:image:type\" content=\"image\/jpeg\" \/>\n<meta name=\"twitter:card\" content=\"summary_large_image\" \/>\n<script type=\"application\/ld+json\" class=\"yoast-schema-graph\">{\"@context\":\"https:\/\/schema.org\",\"@graph\":[{\"@type\":\"WebPage\",\"@id\":\"https:\/\/www.oceal-interim.com\/fr\/candidats\/\",\"url\":\"https:\/\/www.oceal-interim.com\/fr\/candidats\/\",\"name\":\"Candidats - OCEAL Interim\",\"isPartOf\":{\"@id\":\"https:\/\/www.oceal-interim.com\/fr\/#website\"},\"datePublished\":\"2020-05-11T15:48:11+00:00\",\"dateModified\":\"2020-05-13T14:51:20+00:00\",\"breadcrumb\":{\"@id\":\"https:\/\/www.oceal-interim.com\/fr\/candidats\/#breadcrumb\"},\"inLanguage\":\"fr-FR\",\"potentialAction\":[{\"@type\":\"ReadAction\",\"target\":[\"https:\/\/www.oceal-interim.com\/fr\/candidats\/\"]}]},{\"@type\":\"BreadcrumbList\",\"@id\":\"https:\/\/www.oceal-interim.com\/fr\/candidats\/#breadcrumb\",\"itemListElement\":[{\"@type\":\"ListItem\",\"position\":1,\"name\":\"Home\",\"item\":\"https:\/\/www.oceal-interim.com\/fr\/\"},{\"@type\":\"ListItem\",\"position\":2,\"name\":\"Candidats\"}]},{\"@type\":\"WebSite\",\"@id\":\"https:\/\/www.oceal-interim.com\/fr\/#website\",\"url\":\"https:\/\/www.oceal-interim.com\/fr\/\",\"name\":\"OCEAL Interim\",\"description\":\"Agence d&#039;int\u00e9rim au Luxembourg\",\"potentialAction\":[{\"@type\":\"SearchAction\",\"target\":{\"@type\":\"EntryPoint\",\"urlTemplate\":\"https:\/\/www.oceal-interim.com\/fr\/?s={search_term_string}\"},\"query-input\":{\"@type\":\"PropertyValueSpecification\",\"valueRequired\":true,\"valueName\":\"search_term_string\"}}],\"inLanguage\":\"fr-FR\"}]}<\/script>\n<!-- \/ Yoast SEO plugin. -->","yoast_head_json":{"title":"Candidats - OCEAL Interim","robots":{"index":"index","follow":"follow","max-snippet":"max-snippet:-1","max-image-preview":"max-image-preview:large","max-video-preview":"max-video-preview:-1"},"canonical":"https:\/\/www.oceal-interim.com\/fr\/candidats\/","og_locale":"fr_FR","og_type":"article","og_title":"Candidats - OCEAL Interim","og_description":"Nous avons le job qu&rsquo;il vous faut Vous \u00eates actuellement \u00e0 la recherche d&rsquo;un emploi ?\u00a0N&rsquo;h\u00e9sitez pas \u00e0 consulter nos offres. Vous pouvez \u00e9galement nous envoyer une candidature spontan\u00e9e avec votre profil. Nos offres d&#8217;emploi Voir les offres Candidature spontan\u00e9e D\u00e9poser mon profil Questions fr\u00e9quentes Plus d&rsquo;infos","og_url":"https:\/\/www.oceal-interim.com\/fr\/candidats\/","og_site_name":"OCEAL Interim","article_modified_time":"2020-05-13T14:51:20+00:00","og_image":[{"width":1200,"height":630,"url":"https:\/\/www.oceal-interim.com\/wp-content\/uploads\/2020\/05\/oceal-interim-miniature-reseaux.jpg","type":"image\/jpeg"}],"twitter_card":"summary_large_image","schema":{"@context":"https:\/\/schema.org","@graph":[{"@type":"WebPage","@id":"https:\/\/www.oceal-interim.com\/fr\/candidats\/","url":"https:\/\/www.oceal-interim.com\/fr\/candidats\/","name":"Candidats - OCEAL Interim","isPartOf":{"@id":"https:\/\/www.oceal-interim.com\/fr\/#website"},"datePublished":"2020-05-11T15:48:11+00:00","dateModified":"2020-05-13T14:51:20+00:00","breadcrumb":{"@id":"https:\/\/www.oceal-interim.com\/fr\/candidats\/#breadcrumb"},"inLanguage":"fr-FR","potentialAction":[{"@type":"ReadAction","target":["https:\/\/www.oceal-interim.com\/fr\/candidats\/"]}]},{"@type":"BreadcrumbList","@id":"https:\/\/www.oceal-interim.com\/fr\/candidats\/#breadcrumb","itemListElement":[{"@type":"ListItem","position":1,"name":"Home","item":"https:\/\/www.oceal-interim.com\/fr\/"},{"@type":"ListItem","position":2,"name":"Candidats"}]},{"@type":"WebSite","@id":"https:\/\/www.oceal-interim.com\/fr\/#website","url":"https:\/\/www.oceal-interim.com\/fr\/","name":"OCEAL Interim","description":"Agence d&#039;int\u00e9rim au Luxembourg","potentialAction":[{"@type":"SearchAction","target":{"@type":"EntryPoint","urlTemplate":"https:\/\/www.oceal-interim.com\/fr\/?s={search_term_string}"},"query-input":{"@type":"PropertyValueSpecification","valueRequired":true,"valueName":"search_term_string"}}],"inLanguage":"fr-FR"}]}},"_links":{"self":[{"href":"https:\/\/www.oceal-interim.com\/fr\/wp-json\/wp\/v2\/pages\/1167"}],"collection":[{"href":"https:\/\/www.oceal-interim.com\/fr\/wp-json\/wp\/v2\/pages"}],"about":[{"href":"https:\/\/www.oceal-interim.com\/fr\/wp-json\/wp\/v2\/types\/page"}],"author":[{"embeddable":true,"href":"https:\/\/www.oceal-interim.com\/fr\/wp-json\/wp\/v2\/users\/1"}],"replies":[{"embeddable":true,"href":"https:\/\/www.oceal-interim.com\/fr\/wp-json\/wp\/v2\/comments?post=1167"}],"version-history":[{"count":15,"href":"https:\/\/www.oceal-interim.com\/fr\/wp-json\/wp\/v2\/pages\/1167\/revisions"}],"predecessor-version":[{"id":1343,"href":"https:\/\/www.oceal-interim.com\/fr\/wp-json\/wp\/v2\/pages\/1167\/revisions\/1343"}],"wp:attachment":[{"href":"https:\/\/www.oceal-interim.com\/fr\/wp-json\/wp\/v2\/media?parent=1167"}],"curies":[{"name":"wp","href":"https:\/\/api.w.org\/{rel}","templated":true}]}}